{"id":360,"date":"2020-11-25T12:57:14","date_gmt":"2020-11-25T12:57:14","guid":{"rendered":"http:\/\/alphaocean.eu\/?page_id=360"},"modified":"2022-01-25T08:20:49","modified_gmt":"2022-01-25T08:20:49","slug":"contact","status":"publish","type":"page","link":"https:\/\/alphaocean.eu\/en\/contact\/","title":{"rendered":"Contact us"},"content":{"rendered":"\n<p class=\"has-text-align-left has-vivid-cyan-blue-color has-text-color\" style=\"font-size:14px\"><em><strong>Plus d&rsquo;infos ? <\/strong><\/em>Nous r\u00e9pondons \u00e0 toutes vos questions, n&rsquo;h\u00e9sitez pas \u00e0 nous \u00e9crire !<\/p>\n\n\n\n<div class=\"wp-block-media-text alignwide is-stacked-on-mobile\" style=\"grid-template-columns:35% auto\"><figure class=\"wp-block-media-text__media\"><img fetchpriority=\"high\" decoding=\"async\" width=\"1024\" height=\"698\" src=\"http:\/\/alphaocean.eu\/wp-content\/uploads\/2020\/08\/Logo-Alpha-Ocean-01-1024x698.png\" alt=\"\" class=\"wp-image-280 size-full img-responsive\" srcset=\"https:\/\/alphaocean.eu\/wp-content\/uploads\/2020\/08\/Logo-Alpha-Ocean-01-1024x698.png 1024w, https:\/\/alphaocean.eu\/wp-content\/uploads\/2020\/08\/Logo-Alpha-Ocean-01-300x205.png 300w, https:\/\/alphaocean.eu\/wp-content\/uploads\/2020\/08\/Logo-Alpha-Ocean-01-768x524.png 768w, https:\/\/alphaocean.eu\/wp-content\/uploads\/2020\/08\/Logo-Alpha-Ocean-01-750x512.png 750w, https:\/\/alphaocean.eu\/wp-content\/uploads\/2020\/08\/Logo-Alpha-Ocean-01.png 1299w\" sizes=\"(max-width: 1024px) 100vw, 1024px\" \/><\/figure><div class=\"wp-block-media-text__content\">\n<p class=\"has-large-font-size\"><\/p>\n<\/div><\/div>\n\n\n<div class=\"everest-forms\"><div class=\"evf-container default\" id=\"evf-374\"><form id=\"evf-form-374\" class=\"everest-form\" data-formid=\"374\" data-ajax_submission=\"0\" data-keyboard_friendly_form=\"0\" data-form_state_type=\"\" method=\"post\" enctype=\"multipart\/form-data\" action=\"\/en\/wp-json\/wp\/v2\/pages\/360\"><div class=\"evf-field-container\"><input type=\"hidden\" id=\"_wpnonce374\" name=\"_wpnonce374\" value=\"b83d7bb12c\" \/><input type=\"hidden\" name=\"_wp_http_referer\" value=\"\/en\/wp-json\/wp\/v2\/pages\/360\" \/><div class=\"evf-frontend-row\" data-row=\"row_1\" conditional_rules=\"[]\"><div class=\"evf-frontend-grid evf-grid-1\" data-grid=\"grid_1\"><div id=\"evf-374-field_ys0GeZISRs-1-container\" class=\"evf-field evf-field-first-name form-row validate-required\" data-required-field-message=\"This field is required.\" data-field-id=\"ys0GeZISRs-1\"><label class=\"evf-field-label\" for=\"evf-374-field_ys0GeZISRs-1\"><span class=\"evf-label\">Nom et Pr\u00e9nom<\/span> <abbr class=\"required\" title=\"Required\">*<\/abbr><\/label><input type=\"text\" id=\"evf-374-field_ys0GeZISRs-1\" class=\"input-text\" name=\"everest_forms[form_fields][ys0GeZISRs-1]\" required><\/div><div id=\"evf-374-field_MeIYiAKpgQ-5-container\" class=\"evf-field evf-field-first-name form-row validate-required\" data-required-field-message=\"This field is required.\" data-field-id=\"MeIYiAKpgQ-5\"><label class=\"evf-field-label\" for=\"evf-374-field_MeIYiAKpgQ-5\"><span class=\"evf-label\">Entreprise<\/span> <abbr class=\"required\" title=\"Required\">*<\/abbr><\/label><input type=\"text\" id=\"evf-374-field_MeIYiAKpgQ-5\" class=\"input-text\" name=\"everest_forms[form_fields][MeIYiAKpgQ-5]\" required><\/div><div id=\"evf-374-field_iH0OhKBAm4-6-container\" class=\"evf-field evf-field-first-name form-row validate-required\" data-required-field-message=\"This field is required.\" data-field-id=\"iH0OhKBAm4-6\"><label class=\"evf-field-label\" for=\"evf-374-field_iH0OhKBAm4-6\"><span class=\"evf-label\">T\u00e9l\u00e9phone<\/span> <abbr class=\"required\" title=\"Required\">*<\/abbr><\/label><input type=\"text\" id=\"evf-374-field_iH0OhKBAm4-6\" class=\"input-text\" name=\"everest_forms[form_fields][iH0OhKBAm4-6]\" required><\/div><div id=\"evf-374-field_LbH5NxasXM-2-container\" class=\"evf-field evf-field-email form-row validate-required validate-email\" data-required-field-message=\"Please enter a valid email address.\" data-field-id=\"LbH5NxasXM-2\"><label class=\"evf-field-label\" for=\"evf-374-field_LbH5NxasXM-2\"><span class=\"evf-label\">Email<\/span> <abbr class=\"required\" title=\"Required\">*<\/abbr><\/label><input type=\"email\" id=\"evf-374-field_LbH5NxasXM-2\" class=\"input-text\" name=\"everest_forms[form_fields][LbH5NxasXM-2]\" required ><\/div><div id=\"evf-374-field_66FR384cge-3-container\" class=\"evf-field evf-field-text form-row\" data-field-id=\"66FR384cge-3\"><label class=\"evf-field-label\" for=\"evf-374-field_66FR384cge-3\"><span class=\"evf-label\">Sujet<\/span> <\/label><input type=\"text\" id=\"evf-374-field_66FR384cge-3\" class=\"input-text\" name=\"everest_forms[form_fields][66FR384cge-3]\" ><\/div><div id=\"evf-374-field_yhGx3FOwr2-4-container\" class=\"evf-field evf-field-textarea form-row validate-required\" data-required-field-message=\"This field is required.\" data-field-id=\"yhGx3FOwr2-4\"><label class=\"evf-field-label\" for=\"evf-374-field_yhGx3FOwr2-4\"><span class=\"evf-label\">Message<\/span> <abbr class=\"required\" title=\"Required\">*<\/abbr><\/label><textarea id=\"evf-374-field_yhGx3FOwr2-4\" class=\"input-text\" name=\"everest_forms[form_fields][yhGx3FOwr2-4]\" required ><\/textarea><\/div><div id=\"evf-374-field_TbydamrDNp-7-container\" class=\"evf-field evf-field-checkbox form-row\" data-field-id=\"TbydamrDNp-7\"><label class=\"evf-field-label\" for=\"evf-374-field_TbydamrDNp-7\"><span class=\"evf-label\">Je certifie<\/span> <\/label><ul id=\"evf-374-field_TbydamrDNp-7\"><li class=\"choice-1 depth-1\"><input type=\"checkbox\" id=\"evf-374-field_TbydamrDNp-7_1\" class=\"input-text\" name=\"everest_forms[form_fields][TbydamrDNp-7][]\" value=\"Je certifie de l&#039;exactitude des informations renseign\u00e9es dans le pr\u00e9sent formulaire.\"  ><label class=\"everest-forms-field-label-inline\" for=\"evf-374-field_TbydamrDNp-7_1\">Je certifie de l'exactitude des informations renseign\u00e9es dans le pr\u00e9sent formulaire.<\/label><\/li><li class=\"choice-2 depth-1\"><input type=\"checkbox\" id=\"evf-374-field_TbydamrDNp-7_2\" class=\"input-text\" name=\"everest_forms[form_fields][TbydamrDNp-7][]\" value=\"En soumettant ce formulaire, j&#039;accepte que les informations saisies soient exploit\u00e9es dans le cadre d&#039;une demande de recontacte de la part d&#039;Alpha Ocean et de la relation commerciale qui peut en d\u00e9couler.\"  ><label class=\"everest-forms-field-label-inline\" for=\"evf-374-field_TbydamrDNp-7_2\">En soumettant ce formulaire, j'accepte que les informations saisies soient exploit\u00e9es dans le cadre d'une demande de recontacte de la part d'Alpha Ocean et de la relation commerciale qui peut en d\u00e9couler.<\/label><\/li><\/ul><\/div><\/div><\/div><\/div><div class=\"evf-honeypot-container evf-field-hp\"><label for=\"evf-374-field-hp\" class=\"evf-field-label\">Message<\/label><input type=\"text\" name=\"everest_forms[hp]\" id=\"evf-374-field-hp\" class=\"input-text\"><\/div><div class=\"evf-submit-container \" ><input type=\"hidden\" name=\"everest_forms[id]\" value=\"374\"><input type=\"hidden\" name=\"everest_forms[author]\" value=\"1\"><button type='submit' name='everest_forms[submit]' class='everest-forms-submit-button button evf-submit ' id='evf-submit-374' value='evf-submit' data-process-text=\"En cours \/ Processing\u2026\" conditional_rules='&quot;&quot;' conditional_id='evf-submit-374'  id=\"evf-submit-374\" aria-live=\"assertive\">Envoyer \/ Submit<\/button><\/div><\/form><\/div><!-- .evf-container --><\/div>\n","protected":false},"excerpt":{"rendered":"<p>Plus d&rsquo;infos ? Nous r\u00e9pondons \u00e0 toutes vos questions, n&rsquo;h\u00e9sitez pas \u00e0 nous \u00e9crire !<\/p>","protected":false},"author":1,"featured_media":0,"parent":0,"menu_order":0,"comment_status":"closed","ping_status":"closed","template":"","meta":{"footnotes":""},"class_list":["post-360","page","type-page","status-publish","hentry"],"yoast_head":"<!-- This site is optimized with the Yoast SEO plugin v27.4 - https:\/\/yoast.com\/product\/yoast-seo-wordpress\/ -->\n<title>Ecrivez-nous... - Alpha Ocean<\/title>\n<meta name=\"robots\" content=\"index, follow, max-snippet:-1, max-image-preview:large, max-video-preview:-1\" \/>\n<link rel=\"canonical\" href=\"https:\/\/alphaocean.eu\/en\/contact\/\" \/>\n<meta property=\"og:locale\" content=\"en_GB\" \/>\n<meta property=\"og:type\" content=\"article\" \/>\n<meta property=\"og:title\" content=\"Ecrivez-nous... - Alpha Ocean\" \/>\n<meta property=\"og:description\" content=\"Plus d&rsquo;infos ? Nous r\u00e9pondons \u00e0 toutes vos questions, n&rsquo;h\u00e9sitez pas \u00e0 nous \u00e9crire !\" \/>\n<meta property=\"og:url\" content=\"https:\/\/alphaocean.eu\/en\/contact\/\" \/>\n<meta property=\"og:site_name\" content=\"Alpha Ocean\" \/>\n<meta property=\"article:modified_time\" content=\"2022-01-25T08:20:49+00:00\" \/>\n<meta property=\"og:image\" content=\"http:\/\/alphaocean.eu\/wp-content\/uploads\/2020\/08\/Logo-Alpha-Ocean-01-1024x698.png\" \/>\n<meta name=\"twitter:card\" content=\"summary_large_image\" \/>\n<meta name=\"twitter:label1\" content=\"Estimated reading time\" \/>\n\t<meta name=\"twitter:data1\" content=\"1 minute\" \/>\n<script type=\"application\/ld+json\" class=\"yoast-schema-graph\">{\"@context\":\"https:\\\/\\\/schema.org\",\"@graph\":[{\"@type\":\"WebPage\",\"@id\":\"https:\\\/\\\/alphaocean.eu\\\/contact\\\/\",\"url\":\"https:\\\/\\\/alphaocean.eu\\\/contact\\\/\",\"name\":\"Ecrivez-nous... - Alpha Ocean\",\"isPartOf\":{\"@id\":\"https:\\\/\\\/alphaocean.eu\\\/#website\"},\"primaryImageOfPage\":{\"@id\":\"https:\\\/\\\/alphaocean.eu\\\/contact\\\/#primaryimage\"},\"image\":{\"@id\":\"https:\\\/\\\/alphaocean.eu\\\/contact\\\/#primaryimage\"},\"thumbnailUrl\":\"http:\\\/\\\/alphaocean.eu\\\/wp-content\\\/uploads\\\/2020\\\/08\\\/Logo-Alpha-Ocean-01-1024x698.png\",\"datePublished\":\"2020-11-25T12:57:14+00:00\",\"dateModified\":\"2022-01-25T08:20:49+00:00\",\"breadcrumb\":{\"@id\":\"https:\\\/\\\/alphaocean.eu\\\/contact\\\/#breadcrumb\"},\"inLanguage\":\"en-GB\",\"potentialAction\":[{\"@type\":\"ReadAction\",\"target\":[\"https:\\\/\\\/alphaocean.eu\\\/contact\\\/\"]}]},{\"@type\":\"ImageObject\",\"inLanguage\":\"en-GB\",\"@id\":\"https:\\\/\\\/alphaocean.eu\\\/contact\\\/#primaryimage\",\"url\":\"http:\\\/\\\/alphaocean.eu\\\/wp-content\\\/uploads\\\/2020\\\/08\\\/Logo-Alpha-Ocean-01-1024x698.png\",\"contentUrl\":\"http:\\\/\\\/alphaocean.eu\\\/wp-content\\\/uploads\\\/2020\\\/08\\\/Logo-Alpha-Ocean-01-1024x698.png\"},{\"@type\":\"BreadcrumbList\",\"@id\":\"https:\\\/\\\/alphaocean.eu\\\/contact\\\/#breadcrumb\",\"itemListElement\":[{\"@type\":\"ListItem\",\"position\":1,\"name\":\"Accueil\",\"item\":\"https:\\\/\\\/alphaocean.eu\\\/\"},{\"@type\":\"ListItem\",\"position\":2,\"name\":\"Ecrivez-nous&#8230;\"}]},{\"@type\":\"WebSite\",\"@id\":\"https:\\\/\\\/alphaocean.eu\\\/#website\",\"url\":\"https:\\\/\\\/alphaocean.eu\\\/\",\"name\":\"Alpha Ocean\",\"description\":\"Votre partenaire aquacole\",\"publisher\":{\"@id\":\"https:\\\/\\\/alphaocean.eu\\\/#organization\"},\"potentialAction\":[{\"@type\":\"SearchAction\",\"target\":{\"@type\":\"EntryPoint\",\"urlTemplate\":\"https:\\\/\\\/alphaocean.eu\\\/?s={search_term_string}\"},\"query-input\":{\"@type\":\"PropertyValueSpecification\",\"valueRequired\":true,\"valueName\":\"search_term_string\"}}],\"inLanguage\":\"en-GB\"},{\"@type\":\"Organization\",\"@id\":\"https:\\\/\\\/alphaocean.eu\\\/#organization\",\"name\":\"Alpha Ocean\",\"url\":\"https:\\\/\\\/alphaocean.eu\\\/\",\"logo\":{\"@type\":\"ImageObject\",\"inLanguage\":\"en-GB\",\"@id\":\"https:\\\/\\\/alphaocean.eu\\\/#\\\/schema\\\/logo\\\/image\\\/\",\"url\":\"https:\\\/\\\/alphaocean.eu\\\/wp-content\\\/uploads\\\/2020\\\/08\\\/Logo-Alpha-Ocean-01.png\",\"contentUrl\":\"https:\\\/\\\/alphaocean.eu\\\/wp-content\\\/uploads\\\/2020\\\/08\\\/Logo-Alpha-Ocean-01.png\",\"width\":1299,\"height\":886,\"caption\":\"Alpha Ocean\"},\"image\":{\"@id\":\"https:\\\/\\\/alphaocean.eu\\\/#\\\/schema\\\/logo\\\/image\\\/\"}}]}<\/script>\n<!-- \/ Yoast SEO plugin. -->","yoast_head_json":{"title":"Ecrivez-nous... - Alpha Ocean","robots":{"index":"index","follow":"follow","max-snippet":"max-snippet:-1","max-image-preview":"max-image-preview:large","max-video-preview":"max-video-preview:-1"},"canonical":"https:\/\/alphaocean.eu\/en\/contact\/","og_locale":"en_GB","og_type":"article","og_title":"Ecrivez-nous... - Alpha Ocean","og_description":"Plus d&rsquo;infos ? Nous r\u00e9pondons \u00e0 toutes vos questions, n&rsquo;h\u00e9sitez pas \u00e0 nous \u00e9crire !","og_url":"https:\/\/alphaocean.eu\/en\/contact\/","og_site_name":"Alpha Ocean","article_modified_time":"2022-01-25T08:20:49+00:00","og_image":[{"url":"http:\/\/alphaocean.eu\/wp-content\/uploads\/2020\/08\/Logo-Alpha-Ocean-01-1024x698.png","type":"","width":"","height":""}],"twitter_card":"summary_large_image","twitter_misc":{"Estimated reading time":"1 minute"},"schema":{"@context":"https:\/\/schema.org","@graph":[{"@type":"WebPage","@id":"https:\/\/alphaocean.eu\/contact\/","url":"https:\/\/alphaocean.eu\/contact\/","name":"Ecrivez-nous... - Alpha Ocean","isPartOf":{"@id":"https:\/\/alphaocean.eu\/#website"},"primaryImageOfPage":{"@id":"https:\/\/alphaocean.eu\/contact\/#primaryimage"},"image":{"@id":"https:\/\/alphaocean.eu\/contact\/#primaryimage"},"thumbnailUrl":"http:\/\/alphaocean.eu\/wp-content\/uploads\/2020\/08\/Logo-Alpha-Ocean-01-1024x698.png","datePublished":"2020-11-25T12:57:14+00:00","dateModified":"2022-01-25T08:20:49+00:00","breadcrumb":{"@id":"https:\/\/alphaocean.eu\/contact\/#breadcrumb"},"inLanguage":"en-GB","potentialAction":[{"@type":"ReadAction","target":["https:\/\/alphaocean.eu\/contact\/"]}]},{"@type":"ImageObject","inLanguage":"en-GB","@id":"https:\/\/alphaocean.eu\/contact\/#primaryimage","url":"http:\/\/alphaocean.eu\/wp-content\/uploads\/2020\/08\/Logo-Alpha-Ocean-01-1024x698.png","contentUrl":"http:\/\/alphaocean.eu\/wp-content\/uploads\/2020\/08\/Logo-Alpha-Ocean-01-1024x698.png"},{"@type":"BreadcrumbList","@id":"https:\/\/alphaocean.eu\/contact\/#breadcrumb","itemListElement":[{"@type":"ListItem","position":1,"name":"Accueil","item":"https:\/\/alphaocean.eu\/"},{"@type":"ListItem","position":2,"name":"Ecrivez-nous&#8230;"}]},{"@type":"WebSite","@id":"https:\/\/alphaocean.eu\/#website","url":"https:\/\/alphaocean.eu\/","name":"Alpha Ocean","description":"Your aquaculture partner","publisher":{"@id":"https:\/\/alphaocean.eu\/#organization"},"potentialAction":[{"@type":"SearchAction","target":{"@type":"EntryPoint","urlTemplate":"https:\/\/alphaocean.eu\/?s={search_term_string}"},"query-input":{"@type":"PropertyValueSpecification","valueRequired":true,"valueName":"search_term_string"}}],"inLanguage":"en-GB"},{"@type":"Organization","@id":"https:\/\/alphaocean.eu\/#organization","name":"Alpha Ocean","url":"https:\/\/alphaocean.eu\/","logo":{"@type":"ImageObject","inLanguage":"en-GB","@id":"https:\/\/alphaocean.eu\/#\/schema\/logo\/image\/","url":"https:\/\/alphaocean.eu\/wp-content\/uploads\/2020\/08\/Logo-Alpha-Ocean-01.png","contentUrl":"https:\/\/alphaocean.eu\/wp-content\/uploads\/2020\/08\/Logo-Alpha-Ocean-01.png","width":1299,"height":886,"caption":"Alpha Ocean"},"image":{"@id":"https:\/\/alphaocean.eu\/#\/schema\/logo\/image\/"}}]}},"_links":{"self":[{"href":"https:\/\/alphaocean.eu\/en\/wp-json\/wp\/v2\/pages\/360","targetHints":{"allow":["GET"]}}],"collection":[{"href":"https:\/\/alphaocean.eu\/en\/wp-json\/wp\/v2\/pages"}],"about":[{"href":"https:\/\/alphaocean.eu\/en\/wp-json\/wp\/v2\/types\/page"}],"author":[{"embeddable":true,"href":"https:\/\/alphaocean.eu\/en\/wp-json\/wp\/v2\/users\/1"}],"replies":[{"embeddable":true,"href":"https:\/\/alphaocean.eu\/en\/wp-json\/wp\/v2\/comments?post=360"}],"version-history":[{"count":11,"href":"https:\/\/alphaocean.eu\/en\/wp-json\/wp\/v2\/pages\/360\/revisions"}],"predecessor-version":[{"id":503,"href":"https:\/\/alphaocean.eu\/en\/wp-json\/wp\/v2\/pages\/360\/revisions\/503"}],"wp:attachment":[{"href":"https:\/\/alphaocean.eu\/en\/wp-json\/wp\/v2\/media?parent=360"}],"curies":[{"name":"wp","href":"https:\/\/api.w.org\/{rel}","templated":true}]}}