{"id":483,"date":"2021-04-21T17:17:18","date_gmt":"2021-04-21T17:17:18","guid":{"rendered":"http:\/\/alphaocean.eu\/?page_id=483"},"modified":"2021-04-21T17:17:19","modified_gmt":"2021-04-21T17:17:19","slug":"bacteries-nitrifiantes","status":"publish","type":"page","link":"https:\/\/alphaocean.eu\/en\/bacteries-nitrifiantes\/","title":{"rendered":"Nitrifying bacteria"},"content":{"rendered":"<div class=\"wp-block-columns is-layout-flex wp-container-core-columns-is-layout-9d6595d7 wp-block-columns-is-layout-flex\">\n<div class=\"wp-block-column is-layout-flow wp-block-column-is-layout-flow\">\n<figure class=\"wp-block-image size-large is-resized\"><img fetchpriority=\"high\" decoding=\"async\" src=\"http:\/\/alphaocean.eu\/wp-content\/uploads\/2020\/08\/One-Only-Marine-1024x1024.jpg\" alt=\"Bact\u00e9ries nitrifantes One&amp;Only\" class=\"wp-image-208 img-responsive\" width=\"427\" height=\"427\" srcset=\"https:\/\/alphaocean.eu\/wp-content\/uploads\/2020\/08\/One-Only-Marine-1024x1024.jpg 1024w, https:\/\/alphaocean.eu\/wp-content\/uploads\/2020\/08\/One-Only-Marine-300x300.jpg 300w, https:\/\/alphaocean.eu\/wp-content\/uploads\/2020\/08\/One-Only-Marine-150x150.jpg 150w, https:\/\/alphaocean.eu\/wp-content\/uploads\/2020\/08\/One-Only-Marine-768x768.jpg 768w, https:\/\/alphaocean.eu\/wp-content\/uploads\/2020\/08\/One-Only-Marine-1536x1536.jpg 1536w, https:\/\/alphaocean.eu\/wp-content\/uploads\/2020\/08\/One-Only-Marine-750x750.jpg 750w, https:\/\/alphaocean.eu\/wp-content\/uploads\/2020\/08\/One-Only-Marine.jpg 2000w\" sizes=\"(max-width: 427px) 100vw, 427px\" \/><figcaption>250 ml ou 500 ml<\/figcaption><\/figure>\n<\/div>\n\n\n\n<div class=\"wp-block-column is-layout-flow wp-block-column-is-layout-flow\">\n<p>One &amp; Only is 100% nitrifying bacteria. It is used to regulate the ammonia and nitrite concentrations when a fish tank is put into service, after water renewal or following sanitary treatment.  It instantly creates a bio-filter. <strong>instantan\u00e9ment un bio-filtre. <\/strong>Our nitrifying bacteria are the result of the very latest scientific discoveries and are used in live-ponds and public aquariums around the world to regulate ammonia and nitrite levels.<\/p>\n\n\n\n<p>They can be added after a major water change or treatment for a disease without risk to the herd.<\/p>\n\n\n\n<p><strong>Benefits of <em>One&amp;Only<\/em> :<\/strong><\/p>\n\n\n\n<ul class=\"wp-block-list\"><li><strong>100% natural<\/strong><\/li><li><strong>Made in France<\/strong><\/li><li><strong>Developed by Dr Tim\u2019s<\/strong><\/li><\/ul>\n<\/div>\n<\/div>","protected":false},"excerpt":{"rendered":"<p>They can be added after a major water change or treatment for a disease without risk to the herd.<\/p>","protected":false},"author":1,"featured_media":0,"parent":0,"menu_order":0,"comment_status":"closed","ping_status":"closed","template":"","meta":{"footnotes":""},"class_list":["post-483","page","type-page","status-publish","hentry"],"yoast_head":"<!-- This site is optimized with the Yoast SEO plugin v27.4 - https:\/\/yoast.com\/product\/yoast-seo-wordpress\/ -->\n<title>Bact\u00e9ries nitrifiantes - Alpha Ocean<\/title>\n<meta name=\"robots\" content=\"index, follow, max-snippet:-1, max-image-preview:large, max-video-preview:-1\" \/>\n<link rel=\"canonical\" href=\"https:\/\/alphaocean.eu\/en\/bacteries-nitrifiantes\/\" \/>\n<meta property=\"og:locale\" content=\"en_GB\" \/>\n<meta property=\"og:type\" content=\"article\" \/>\n<meta property=\"og:title\" content=\"Bact\u00e9ries nitrifiantes - Alpha Ocean\" \/>\n<meta property=\"og:description\" content=\"Elles peuvent \u00eatre ajout\u00e9es apr\u00e8s un important changement d&rsquo;eau ou un traitement contre une maladie sans risque pour le cheptel.\" \/>\n<meta property=\"og:url\" content=\"https:\/\/alphaocean.eu\/en\/bacteries-nitrifiantes\/\" \/>\n<meta property=\"og:site_name\" content=\"Alpha Ocean\" \/>\n<meta property=\"article:modified_time\" content=\"2021-04-21T17:17:19+00:00\" \/>\n<meta property=\"og:image\" content=\"http:\/\/alphaocean.eu\/wp-content\/uploads\/2020\/08\/One-Only-Marine-1024x1024.jpg\" \/>\n<meta name=\"twitter:card\" content=\"summary_large_image\" \/>\n<meta name=\"twitter:label1\" content=\"Estimated reading time\" \/>\n\t<meta name=\"twitter:data1\" content=\"1 minute\" \/>\n<script type=\"application\/ld+json\" class=\"yoast-schema-graph\">{\"@context\":\"https:\\\/\\\/schema.org\",\"@graph\":[{\"@type\":\"WebPage\",\"@id\":\"https:\\\/\\\/alphaocean.eu\\\/bacteries-nitrifiantes\\\/\",\"url\":\"https:\\\/\\\/alphaocean.eu\\\/bacteries-nitrifiantes\\\/\",\"name\":\"Bact\u00e9ries nitrifiantes - Alpha Ocean\",\"isPartOf\":{\"@id\":\"https:\\\/\\\/alphaocean.eu\\\/#website\"},\"primaryImageOfPage\":{\"@id\":\"https:\\\/\\\/alphaocean.eu\\\/bacteries-nitrifiantes\\\/#primaryimage\"},\"image\":{\"@id\":\"https:\\\/\\\/alphaocean.eu\\\/bacteries-nitrifiantes\\\/#primaryimage\"},\"thumbnailUrl\":\"http:\\\/\\\/alphaocean.eu\\\/wp-content\\\/uploads\\\/2020\\\/08\\\/One-Only-Marine-1024x1024.jpg\",\"datePublished\":\"2021-04-21T17:17:18+00:00\",\"dateModified\":\"2021-04-21T17:17:19+00:00\",\"breadcrumb\":{\"@id\":\"https:\\\/\\\/alphaocean.eu\\\/bacteries-nitrifiantes\\\/#breadcrumb\"},\"inLanguage\":\"en-GB\",\"potentialAction\":[{\"@type\":\"ReadAction\",\"target\":[\"https:\\\/\\\/alphaocean.eu\\\/bacteries-nitrifiantes\\\/\"]}]},{\"@type\":\"ImageObject\",\"inLanguage\":\"en-GB\",\"@id\":\"https:\\\/\\\/alphaocean.eu\\\/bacteries-nitrifiantes\\\/#primaryimage\",\"url\":\"http:\\\/\\\/alphaocean.eu\\\/wp-content\\\/uploads\\\/2020\\\/08\\\/One-Only-Marine-1024x1024.jpg\",\"contentUrl\":\"http:\\\/\\\/alphaocean.eu\\\/wp-content\\\/uploads\\\/2020\\\/08\\\/One-Only-Marine-1024x1024.jpg\"},{\"@type\":\"BreadcrumbList\",\"@id\":\"https:\\\/\\\/alphaocean.eu\\\/bacteries-nitrifiantes\\\/#breadcrumb\",\"itemListElement\":[{\"@type\":\"ListItem\",\"position\":1,\"name\":\"Accueil\",\"item\":\"https:\\\/\\\/alphaocean.eu\\\/\"},{\"@type\":\"ListItem\",\"position\":2,\"name\":\"Bact\u00e9ries nitrifiantes\"}]},{\"@type\":\"WebSite\",\"@id\":\"https:\\\/\\\/alphaocean.eu\\\/#website\",\"url\":\"https:\\\/\\\/alphaocean.eu\\\/\",\"name\":\"Alpha Ocean\",\"description\":\"Votre partenaire aquacole\",\"publisher\":{\"@id\":\"https:\\\/\\\/alphaocean.eu\\\/#organization\"},\"potentialAction\":[{\"@type\":\"SearchAction\",\"target\":{\"@type\":\"EntryPoint\",\"urlTemplate\":\"https:\\\/\\\/alphaocean.eu\\\/?s={search_term_string}\"},\"query-input\":{\"@type\":\"PropertyValueSpecification\",\"valueRequired\":true,\"valueName\":\"search_term_string\"}}],\"inLanguage\":\"en-GB\"},{\"@type\":\"Organization\",\"@id\":\"https:\\\/\\\/alphaocean.eu\\\/#organization\",\"name\":\"Alpha Ocean\",\"url\":\"https:\\\/\\\/alphaocean.eu\\\/\",\"logo\":{\"@type\":\"ImageObject\",\"inLanguage\":\"en-GB\",\"@id\":\"https:\\\/\\\/alphaocean.eu\\\/#\\\/schema\\\/logo\\\/image\\\/\",\"url\":\"https:\\\/\\\/alphaocean.eu\\\/wp-content\\\/uploads\\\/2020\\\/08\\\/Logo-Alpha-Ocean-01.png\",\"contentUrl\":\"https:\\\/\\\/alphaocean.eu\\\/wp-content\\\/uploads\\\/2020\\\/08\\\/Logo-Alpha-Ocean-01.png\",\"width\":1299,\"height\":886,\"caption\":\"Alpha Ocean\"},\"image\":{\"@id\":\"https:\\\/\\\/alphaocean.eu\\\/#\\\/schema\\\/logo\\\/image\\\/\"}}]}<\/script>\n<!-- \/ Yoast SEO plugin. -->","yoast_head_json":{"title":"Bact\u00e9ries nitrifiantes - Alpha Ocean","robots":{"index":"index","follow":"follow","max-snippet":"max-snippet:-1","max-image-preview":"max-image-preview:large","max-video-preview":"max-video-preview:-1"},"canonical":"https:\/\/alphaocean.eu\/en\/bacteries-nitrifiantes\/","og_locale":"en_GB","og_type":"article","og_title":"Bact\u00e9ries nitrifiantes - Alpha Ocean","og_description":"Elles peuvent \u00eatre ajout\u00e9es apr\u00e8s un important changement d&rsquo;eau ou un traitement contre une maladie sans risque pour le cheptel.","og_url":"https:\/\/alphaocean.eu\/en\/bacteries-nitrifiantes\/","og_site_name":"Alpha Ocean","article_modified_time":"2021-04-21T17:17:19+00:00","og_image":[{"url":"http:\/\/alphaocean.eu\/wp-content\/uploads\/2020\/08\/One-Only-Marine-1024x1024.jpg","type":"","width":"","height":""}],"twitter_card":"summary_large_image","twitter_misc":{"Estimated reading time":"1 minute"},"schema":{"@context":"https:\/\/schema.org","@graph":[{"@type":"WebPage","@id":"https:\/\/alphaocean.eu\/bacteries-nitrifiantes\/","url":"https:\/\/alphaocean.eu\/bacteries-nitrifiantes\/","name":"Bact\u00e9ries nitrifiantes - Alpha Ocean","isPartOf":{"@id":"https:\/\/alphaocean.eu\/#website"},"primaryImageOfPage":{"@id":"https:\/\/alphaocean.eu\/bacteries-nitrifiantes\/#primaryimage"},"image":{"@id":"https:\/\/alphaocean.eu\/bacteries-nitrifiantes\/#primaryimage"},"thumbnailUrl":"http:\/\/alphaocean.eu\/wp-content\/uploads\/2020\/08\/One-Only-Marine-1024x1024.jpg","datePublished":"2021-04-21T17:17:18+00:00","dateModified":"2021-04-21T17:17:19+00:00","breadcrumb":{"@id":"https:\/\/alphaocean.eu\/bacteries-nitrifiantes\/#breadcrumb"},"inLanguage":"en-GB","potentialAction":[{"@type":"ReadAction","target":["https:\/\/alphaocean.eu\/bacteries-nitrifiantes\/"]}]},{"@type":"ImageObject","inLanguage":"en-GB","@id":"https:\/\/alphaocean.eu\/bacteries-nitrifiantes\/#primaryimage","url":"http:\/\/alphaocean.eu\/wp-content\/uploads\/2020\/08\/One-Only-Marine-1024x1024.jpg","contentUrl":"http:\/\/alphaocean.eu\/wp-content\/uploads\/2020\/08\/One-Only-Marine-1024x1024.jpg"},{"@type":"BreadcrumbList","@id":"https:\/\/alphaocean.eu\/bacteries-nitrifiantes\/#breadcrumb","itemListElement":[{"@type":"ListItem","position":1,"name":"Accueil","item":"https:\/\/alphaocean.eu\/"},{"@type":"ListItem","position":2,"name":"Bact\u00e9ries nitrifiantes"}]},{"@type":"WebSite","@id":"https:\/\/alphaocean.eu\/#website","url":"https:\/\/alphaocean.eu\/","name":"Alpha Ocean","description":"Your aquaculture partner","publisher":{"@id":"https:\/\/alphaocean.eu\/#organization"},"potentialAction":[{"@type":"SearchAction","target":{"@type":"EntryPoint","urlTemplate":"https:\/\/alphaocean.eu\/?s={search_term_string}"},"query-input":{"@type":"PropertyValueSpecification","valueRequired":true,"valueName":"search_term_string"}}],"inLanguage":"en-GB"},{"@type":"Organization","@id":"https:\/\/alphaocean.eu\/#organization","name":"Alpha Ocean","url":"https:\/\/alphaocean.eu\/","logo":{"@type":"ImageObject","inLanguage":"en-GB","@id":"https:\/\/alphaocean.eu\/#\/schema\/logo\/image\/","url":"https:\/\/alphaocean.eu\/wp-content\/uploads\/2020\/08\/Logo-Alpha-Ocean-01.png","contentUrl":"https:\/\/alphaocean.eu\/wp-content\/uploads\/2020\/08\/Logo-Alpha-Ocean-01.png","width":1299,"height":886,"caption":"Alpha Ocean"},"image":{"@id":"https:\/\/alphaocean.eu\/#\/schema\/logo\/image\/"}}]}},"_links":{"self":[{"href":"https:\/\/alphaocean.eu\/en\/wp-json\/wp\/v2\/pages\/483","targetHints":{"allow":["GET"]}}],"collection":[{"href":"https:\/\/alphaocean.eu\/en\/wp-json\/wp\/v2\/pages"}],"about":[{"href":"https:\/\/alphaocean.eu\/en\/wp-json\/wp\/v2\/types\/page"}],"author":[{"embeddable":true,"href":"https:\/\/alphaocean.eu\/en\/wp-json\/wp\/v2\/users\/1"}],"replies":[{"embeddable":true,"href":"https:\/\/alphaocean.eu\/en\/wp-json\/wp\/v2\/comments?post=483"}],"version-history":[{"count":2,"href":"https:\/\/alphaocean.eu\/en\/wp-json\/wp\/v2\/pages\/483\/revisions"}],"predecessor-version":[{"id":486,"href":"https:\/\/alphaocean.eu\/en\/wp-json\/wp\/v2\/pages\/483\/revisions\/486"}],"wp:attachment":[{"href":"https:\/\/alphaocean.eu\/en\/wp-json\/wp\/v2\/media?parent=483"}],"curies":[{"name":"wp","href":"https:\/\/api.w.org\/{rel}","templated":true}]}}