{"id":85,"date":"2020-05-29T07:29:36","date_gmt":"2020-05-29T07:29:36","guid":{"rendered":"http:\/\/alphaocean.eu\/?page_id=85"},"modified":"2021-04-21T16:04:29","modified_gmt":"2021-04-21T16:04:29","slug":"avantages","status":"publish","type":"page","link":"https:\/\/alphaocean.eu\/en\/avantages\/","title":{"rendered":"Avantages de l&rsquo;eau de mer reconstitu\u00e9e"},"content":{"rendered":"<figure class=\"wp-block-pullquote\"><blockquote><p>Natural seawater is rich in plankton, its corpses and organic matter. Their decomposition accelerated the degradation of water quality. Since \"artificial\" seawater does not contain this plankton, the water quality will be more stable over time.<\/p><\/blockquote><\/figure>\n\n\n\n<h2 style=\"text-align: center;\"><span style=\"color: #3366ff;\">Stability<\/span><\/h2>\n<hr>\n<div style=\"text-align: left;\">In natural seawater, sudden changes in water quality occur due to heavy rains, environmental pollution, etc. By using artificial seawater, the water quality is stable and can therefore be used at any time.<\/div>\n\n\n\n<div class=\"wp-block-group\"><div class=\"wp-block-group__inner-container is-layout-flow wp-block-group-is-layout-flow\">\n<div class=\"wp-block-group\"><div class=\"wp-block-group__inner-container is-layout-flow wp-block-group-is-layout-flow\">\n<h2 style=\"text-align: center;\"><span style=\"color: #3366ff;\">Immediate availability<\/span><\/h2>\n\n\n\n<hr>\n<div>You can easily produce artificial seawater. You just need to dissolve <span style=\"color: #000080;\"><em><span class=\"tadv-color\">Bio Ocean<\/span><\/em><\/span> in freshwater to create seawater. Then an adjustment of the salt concentration and the temperature is necessary before adding to the system.<\/div>\n<\/div><\/div>\n<\/div><\/div>\n\n\n\n<h2 style=\"text-align: center;\"><span style=\"color: #3366ff;\">Storage<\/span><\/h2>\n\n\n\n<div class=\"wp-block-group\"><div class=\"wp-block-group__inner-container is-layout-flow wp-block-group-is-layout-flow\">\n<hr>\n<div>It is not necessary to transport ready-made seawater and therefore in liquid and heavy form (weight). Bio Ocean salt <span style=\"color: #000080;\"><em><span class=\"tadv-color\">Bio Ocean<\/span><\/em><\/span> can be dissolved where you want to use it. So you can transport the salt to the place of use with a cart rather than in a tank (for the record, 38kg of salt creates 1000 liters of seawater).<\/div>\n<\/div><\/div>\n\n\n\n<div class=\"wp-block-group\"><div class=\"wp-block-group__inner-container is-layout-flow wp-block-group-is-layout-flow\">\n<div class=\"wp-block-group is-layout-flow wp-block-group-is-layout-flow\"><div class=\"wp-block-group__inner-container\"><\/div><\/div>\n<\/div><\/div>\n\n\n\n<blockquote class=\"wp-block-quote is-layout-flow wp-block-quote-is-layout-flow\"><p><span class=\"has-inline-color has-pale-cyan-blue-color\">Bio Ocean salt <em>BIO OCEAN <\/em>PROVIDES STABLE SEAWATER FREE OF POLLUTION AND AVAILABLE AT ALL TIMES AND ANYWHERE IN THE TERRITORY. ALL THIS IN A SIMPLE AND EFFICIENT WAY WITHOUT HAVING TO CONCERN THE EXTERIOR ELEMENTS. YOUR WORK MAY BE FOCUSED ON THE LIVESTOCK AND PRESERVATION OF LIVING BEINGS.<\/span><\/p><\/blockquote>\n\n\n\n<div class=\"wp-block-columns is-layout-flex wp-container-core-columns-is-layout-9d6595d7 wp-block-columns-is-layout-flex\">\n<div class=\"wp-block-column is-layout-flow wp-block-column-is-layout-flow\" style=\"flex-basis:66.66%\">\n<figure class=\"wp-block-image size-large is-style-default\"><img fetchpriority=\"high\" decoding=\"async\" width=\"1024\" height=\"683\" src=\"http:\/\/alphaocean.eu\/wp-content\/uploads\/2020\/08\/iStock-637093058-1024x683.jpg\" alt=\"\" class=\"wp-image-267 img-responsive\" srcset=\"https:\/\/alphaocean.eu\/wp-content\/uploads\/2020\/08\/iStock-637093058-1024x683.jpg 1024w, https:\/\/alphaocean.eu\/wp-content\/uploads\/2020\/08\/iStock-637093058-300x200.jpg 300w, https:\/\/alphaocean.eu\/wp-content\/uploads\/2020\/08\/iStock-637093058-768x512.jpg 768w, https:\/\/alphaocean.eu\/wp-content\/uploads\/2020\/08\/iStock-637093058-1536x1024.jpg 1536w, https:\/\/alphaocean.eu\/wp-content\/uploads\/2020\/08\/iStock-637093058-2048x1365.jpg 2048w, https:\/\/alphaocean.eu\/wp-content\/uploads\/2020\/08\/iStock-637093058-750x500.jpg 750w\" sizes=\"(max-width: 1024px) 100vw, 1024px\" \/><\/figure>\n<\/div>\n\n\n\n<div class=\"wp-block-column is-layout-flow wp-block-column-is-layout-flow\" style=\"flex-basis:33.33%\"><\/div>\n<\/div>\n\n\n\n<p><\/p>","protected":false},"excerpt":{"rendered":"<p>L\u2019eau de mer naturelle est riche en plancton, ses cadavres et ses mati\u00e8res&nbsp; organiques. Leur d\u00e9composition acc\u00e9l\u00e9ra la d\u00e9gradation de la qualit\u00e9 de&nbsp; l\u2019eau. Comme l\u2019eau de mer \u00ab arti\ufb01cielle \u00bb ne contient pas ce plancton, la&nbsp; qualit\u00e9 de l\u2019eau sera plus stable dans le temps. Stabilit\u00e9 Dans l\u2019eau de mer naturelle, il se produit &#8230; <a href=\"https:\/\/alphaocean.eu\/en\/avantages\/\" class=\"more-link text-uppercase small\"><strong>Continue Reading<\/strong> <i class=\"fa fa-angle-double-right\" aria-hidden=\"true\"><\/i><\/a><\/p>","protected":false},"author":1,"featured_media":0,"parent":0,"menu_order":0,"comment_status":"closed","ping_status":"closed","template":"","meta":{"footnotes":""},"class_list":["post-85","page","type-page","status-publish","hentry"],"yoast_head":"<!-- This site is optimized with the Yoast SEO plugin v27.4 - https:\/\/yoast.com\/product\/yoast-seo-wordpress\/ -->\n<title>Avantages de l&#039;eau de mer reconstitu\u00e9e - Alpha Ocean<\/title>\n<meta name=\"robots\" content=\"index, follow, max-snippet:-1, max-image-preview:large, max-video-preview:-1\" \/>\n<link rel=\"canonical\" href=\"https:\/\/alphaocean.eu\/en\/avantages\/\" \/>\n<meta property=\"og:locale\" content=\"en_GB\" \/>\n<meta property=\"og:type\" content=\"article\" \/>\n<meta property=\"og:title\" content=\"Avantages de l&#039;eau de mer reconstitu\u00e9e - Alpha Ocean\" \/>\n<meta property=\"og:description\" content=\"L\u2019eau de mer naturelle est riche en plancton, ses cadavres et ses mati\u00e8res&nbsp; organiques. Leur d\u00e9composition acc\u00e9l\u00e9ra la d\u00e9gradation de la qualit\u00e9 de&nbsp; l\u2019eau. Comme l\u2019eau de mer \u00ab arti\ufb01cielle \u00bb ne contient pas ce plancton, la&nbsp; qualit\u00e9 de l\u2019eau sera plus stable dans le temps. Stabilit\u00e9 Dans l\u2019eau de mer naturelle, il se produit ... Continue Reading\" \/>\n<meta property=\"og:url\" content=\"https:\/\/alphaocean.eu\/en\/avantages\/\" \/>\n<meta property=\"og:site_name\" content=\"Alpha Ocean\" \/>\n<meta property=\"article:modified_time\" content=\"2021-04-21T16:04:29+00:00\" \/>\n<meta property=\"og:image\" content=\"http:\/\/alphaocean.eu\/wp-content\/uploads\/2020\/08\/iStock-637093058-1024x683.jpg\" \/>\n<meta name=\"twitter:card\" content=\"summary_large_image\" \/>\n<meta name=\"twitter:label1\" content=\"Estimated reading time\" \/>\n\t<meta name=\"twitter:data1\" content=\"2 minutes\" \/>\n<script type=\"application\/ld+json\" class=\"yoast-schema-graph\">{\"@context\":\"https:\\\/\\\/schema.org\",\"@graph\":[{\"@type\":\"WebPage\",\"@id\":\"https:\\\/\\\/alphaocean.eu\\\/avantages\\\/\",\"url\":\"https:\\\/\\\/alphaocean.eu\\\/avantages\\\/\",\"name\":\"Avantages de l'eau de mer reconstitu\u00e9e - Alpha Ocean\",\"isPartOf\":{\"@id\":\"https:\\\/\\\/alphaocean.eu\\\/#website\"},\"primaryImageOfPage\":{\"@id\":\"https:\\\/\\\/alphaocean.eu\\\/avantages\\\/#primaryimage\"},\"image\":{\"@id\":\"https:\\\/\\\/alphaocean.eu\\\/avantages\\\/#primaryimage\"},\"thumbnailUrl\":\"http:\\\/\\\/alphaocean.eu\\\/wp-content\\\/uploads\\\/2020\\\/08\\\/iStock-637093058-1024x683.jpg\",\"datePublished\":\"2020-05-29T07:29:36+00:00\",\"dateModified\":\"2021-04-21T16:04:29+00:00\",\"breadcrumb\":{\"@id\":\"https:\\\/\\\/alphaocean.eu\\\/avantages\\\/#breadcrumb\"},\"inLanguage\":\"en-GB\",\"potentialAction\":[{\"@type\":\"ReadAction\",\"target\":[\"https:\\\/\\\/alphaocean.eu\\\/avantages\\\/\"]}]},{\"@type\":\"ImageObject\",\"inLanguage\":\"en-GB\",\"@id\":\"https:\\\/\\\/alphaocean.eu\\\/avantages\\\/#primaryimage\",\"url\":\"http:\\\/\\\/alphaocean.eu\\\/wp-content\\\/uploads\\\/2020\\\/08\\\/iStock-637093058-1024x683.jpg\",\"contentUrl\":\"http:\\\/\\\/alphaocean.eu\\\/wp-content\\\/uploads\\\/2020\\\/08\\\/iStock-637093058-1024x683.jpg\"},{\"@type\":\"BreadcrumbList\",\"@id\":\"https:\\\/\\\/alphaocean.eu\\\/avantages\\\/#breadcrumb\",\"itemListElement\":[{\"@type\":\"ListItem\",\"position\":1,\"name\":\"Accueil\",\"item\":\"https:\\\/\\\/alphaocean.eu\\\/\"},{\"@type\":\"ListItem\",\"position\":2,\"name\":\"Avantages de l&rsquo;eau de mer reconstitu\u00e9e\"}]},{\"@type\":\"WebSite\",\"@id\":\"https:\\\/\\\/alphaocean.eu\\\/#website\",\"url\":\"https:\\\/\\\/alphaocean.eu\\\/\",\"name\":\"Alpha Ocean\",\"description\":\"Votre partenaire aquacole\",\"publisher\":{\"@id\":\"https:\\\/\\\/alphaocean.eu\\\/#organization\"},\"potentialAction\":[{\"@type\":\"SearchAction\",\"target\":{\"@type\":\"EntryPoint\",\"urlTemplate\":\"https:\\\/\\\/alphaocean.eu\\\/?s={search_term_string}\"},\"query-input\":{\"@type\":\"PropertyValueSpecification\",\"valueRequired\":true,\"valueName\":\"search_term_string\"}}],\"inLanguage\":\"en-GB\"},{\"@type\":\"Organization\",\"@id\":\"https:\\\/\\\/alphaocean.eu\\\/#organization\",\"name\":\"Alpha Ocean\",\"url\":\"https:\\\/\\\/alphaocean.eu\\\/\",\"logo\":{\"@type\":\"ImageObject\",\"inLanguage\":\"en-GB\",\"@id\":\"https:\\\/\\\/alphaocean.eu\\\/#\\\/schema\\\/logo\\\/image\\\/\",\"url\":\"https:\\\/\\\/alphaocean.eu\\\/wp-content\\\/uploads\\\/2020\\\/08\\\/Logo-Alpha-Ocean-01.png\",\"contentUrl\":\"https:\\\/\\\/alphaocean.eu\\\/wp-content\\\/uploads\\\/2020\\\/08\\\/Logo-Alpha-Ocean-01.png\",\"width\":1299,\"height\":886,\"caption\":\"Alpha Ocean\"},\"image\":{\"@id\":\"https:\\\/\\\/alphaocean.eu\\\/#\\\/schema\\\/logo\\\/image\\\/\"}}]}<\/script>\n<!-- \/ Yoast SEO plugin. -->","yoast_head_json":{"title":"Avantages de l'eau de mer reconstitu\u00e9e - Alpha Ocean","robots":{"index":"index","follow":"follow","max-snippet":"max-snippet:-1","max-image-preview":"max-image-preview:large","max-video-preview":"max-video-preview:-1"},"canonical":"https:\/\/alphaocean.eu\/en\/avantages\/","og_locale":"en_GB","og_type":"article","og_title":"Avantages de l'eau de mer reconstitu\u00e9e - Alpha Ocean","og_description":"L\u2019eau de mer naturelle est riche en plancton, ses cadavres et ses mati\u00e8res&nbsp; organiques. Leur d\u00e9composition acc\u00e9l\u00e9ra la d\u00e9gradation de la qualit\u00e9 de&nbsp; l\u2019eau. Comme l\u2019eau de mer \u00ab arti\ufb01cielle \u00bb ne contient pas ce plancton, la&nbsp; qualit\u00e9 de l\u2019eau sera plus stable dans le temps. Stabilit\u00e9 Dans l\u2019eau de mer naturelle, il se produit ... Continue Reading","og_url":"https:\/\/alphaocean.eu\/en\/avantages\/","og_site_name":"Alpha Ocean","article_modified_time":"2021-04-21T16:04:29+00:00","og_image":[{"url":"http:\/\/alphaocean.eu\/wp-content\/uploads\/2020\/08\/iStock-637093058-1024x683.jpg","type":"","width":"","height":""}],"twitter_card":"summary_large_image","twitter_misc":{"Estimated reading time":"2 minutes"},"schema":{"@context":"https:\/\/schema.org","@graph":[{"@type":"WebPage","@id":"https:\/\/alphaocean.eu\/avantages\/","url":"https:\/\/alphaocean.eu\/avantages\/","name":"Avantages de l'eau de mer reconstitu\u00e9e - Alpha Ocean","isPartOf":{"@id":"https:\/\/alphaocean.eu\/#website"},"primaryImageOfPage":{"@id":"https:\/\/alphaocean.eu\/avantages\/#primaryimage"},"image":{"@id":"https:\/\/alphaocean.eu\/avantages\/#primaryimage"},"thumbnailUrl":"http:\/\/alphaocean.eu\/wp-content\/uploads\/2020\/08\/iStock-637093058-1024x683.jpg","datePublished":"2020-05-29T07:29:36+00:00","dateModified":"2021-04-21T16:04:29+00:00","breadcrumb":{"@id":"https:\/\/alphaocean.eu\/avantages\/#breadcrumb"},"inLanguage":"en-GB","potentialAction":[{"@type":"ReadAction","target":["https:\/\/alphaocean.eu\/avantages\/"]}]},{"@type":"ImageObject","inLanguage":"en-GB","@id":"https:\/\/alphaocean.eu\/avantages\/#primaryimage","url":"http:\/\/alphaocean.eu\/wp-content\/uploads\/2020\/08\/iStock-637093058-1024x683.jpg","contentUrl":"http:\/\/alphaocean.eu\/wp-content\/uploads\/2020\/08\/iStock-637093058-1024x683.jpg"},{"@type":"BreadcrumbList","@id":"https:\/\/alphaocean.eu\/avantages\/#breadcrumb","itemListElement":[{"@type":"ListItem","position":1,"name":"Accueil","item":"https:\/\/alphaocean.eu\/"},{"@type":"ListItem","position":2,"name":"Avantages de l&rsquo;eau de mer reconstitu\u00e9e"}]},{"@type":"WebSite","@id":"https:\/\/alphaocean.eu\/#website","url":"https:\/\/alphaocean.eu\/","name":"Alpha Ocean","description":"Your aquaculture partner","publisher":{"@id":"https:\/\/alphaocean.eu\/#organization"},"potentialAction":[{"@type":"SearchAction","target":{"@type":"EntryPoint","urlTemplate":"https:\/\/alphaocean.eu\/?s={search_term_string}"},"query-input":{"@type":"PropertyValueSpecification","valueRequired":true,"valueName":"search_term_string"}}],"inLanguage":"en-GB"},{"@type":"Organization","@id":"https:\/\/alphaocean.eu\/#organization","name":"Alpha Ocean","url":"https:\/\/alphaocean.eu\/","logo":{"@type":"ImageObject","inLanguage":"en-GB","@id":"https:\/\/alphaocean.eu\/#\/schema\/logo\/image\/","url":"https:\/\/alphaocean.eu\/wp-content\/uploads\/2020\/08\/Logo-Alpha-Ocean-01.png","contentUrl":"https:\/\/alphaocean.eu\/wp-content\/uploads\/2020\/08\/Logo-Alpha-Ocean-01.png","width":1299,"height":886,"caption":"Alpha Ocean"},"image":{"@id":"https:\/\/alphaocean.eu\/#\/schema\/logo\/image\/"}}]}},"_links":{"self":[{"href":"https:\/\/alphaocean.eu\/en\/wp-json\/wp\/v2\/pages\/85","targetHints":{"allow":["GET"]}}],"collection":[{"href":"https:\/\/alphaocean.eu\/en\/wp-json\/wp\/v2\/pages"}],"about":[{"href":"https:\/\/alphaocean.eu\/en\/wp-json\/wp\/v2\/types\/page"}],"author":[{"embeddable":true,"href":"https:\/\/alphaocean.eu\/en\/wp-json\/wp\/v2\/users\/1"}],"replies":[{"embeddable":true,"href":"https:\/\/alphaocean.eu\/en\/wp-json\/wp\/v2\/comments?post=85"}],"version-history":[{"count":21,"href":"https:\/\/alphaocean.eu\/en\/wp-json\/wp\/v2\/pages\/85\/revisions"}],"predecessor-version":[{"id":471,"href":"https:\/\/alphaocean.eu\/en\/wp-json\/wp\/v2\/pages\/85\/revisions\/471"}],"wp:attachment":[{"href":"https:\/\/alphaocean.eu\/en\/wp-json\/wp\/v2\/media?parent=85"}],"curies":[{"name":"wp","href":"https:\/\/api.w.org\/{rel}","templated":true}]}}