{"id":95,"date":"2020-05-29T08:14:42","date_gmt":"2020-05-29T08:14:42","guid":{"rendered":"http:\/\/alphaocean.eu\/?page_id=95"},"modified":"2021-04-22T08:23:17","modified_gmt":"2021-04-22T08:23:17","slug":"caracteristiques","status":"publish","type":"page","link":"https:\/\/alphaocean.eu\/en\/caracteristiques\/","title":{"rendered":"Bio Ocean Salt"},"content":{"rendered":"<h2 class=\"wp-block-heading\">Reconstitute Sea water<\/h2>\n\n\n\n<div class=\"wp-block-columns is-layout-flex wp-container-core-columns-is-layout-9d6595d7 wp-block-columns-is-layout-flex\">\n<div class=\"wp-block-column is-layout-flow wp-block-column-is-layout-flow\" style=\"flex-basis:50%\">\n<ul style=\"list-style-type: circle;\">\n<li style=\"text-align: left;\"><span style=\"background-color: #ffffff;\"><strong><span class=\"has-inline-color has-vivid-cyan-blue-color\">Perfect dissolution<\/span><\/strong><\/span><\/li>\n<\/ul>\n\n\n\n<p class=\"has-small-font-size\">Once placed in water, the salt dissolves quickly and can be used in less than 5 minutes (pH reached) if the temperature is correct.<\/p>\n\n\n\n<ul style=\"list-style-type: circle;\">\n<li style=\"text-align: left;\"><span class=\"has-inline-color has-vivid-cyan-blue-color\"><strong>Rich nutritional value <\/strong><\/span><\/li>\n<\/ul>\n\n\n\n<p class=\"has-small-font-size\">It contains all the main elements and 28 trace elements that are found in natural seawater and which are adjusted to be as close as possible to the values of natural seawater.<\/p>\n\n\n\n<div class=\"wp-block-group\"><div class=\"wp-block-group__inner-container is-layout-flow wp-block-group-is-layout-flow\">\n<div class=\"wp-block-group\"><div class=\"wp-block-group__inner-container is-layout-flow wp-block-group-is-layout-flow\">\n<div class=\"wp-block-group\"><div class=\"wp-block-group__inner-container is-layout-flow wp-block-group-is-layout-flow\">\n<ul style=\"list-style-type: circle;\">\n<li style=\"text-align: left;\"><span class=\"has-inline-color has-vivid-cyan-blue-color\"><strong>Production batch stable over time <\/strong><\/span><\/li>\n<\/ul>\n<\/div><\/div>\n<\/div><\/div>\n<\/div><\/div>\n\n\n\n<p class=\"has-small-font-size\">The production of salt of <em>Bio Ocean<\/em> is carried out in an ultra-modern factory where each stage of production is meticulously controlled in protected atmospheres, guaranteeing optimal quality and stability of production batch after batch throughout the year.<\/p>\n\n\n\n<ul style=\"list-style-type: circle;\">\n<li style=\"text-align: left;\"><span class=\"has-inline-color has-vivid-cyan-blue-color\"><strong>Tailored<\/strong><\/span><\/li>\n<\/ul>\n\n\n\n<p class=\"has-small-font-size\">The salt <em>Bio Ocean<\/em> is adaptable according to the water of your network, we can modify the composition of this one and adjust it to your specific needs.<\/p>\n\n\n\n<ul style=\"list-style-type: circle;\">\n<li style=\"text-align: left;\"><span class=\"has-inline-color has-vivid-cyan-blue-color\"><strong>pH stable<\/strong><\/span><\/li>\n<\/ul>\n\n\n\n<p class=\"has-small-font-size\">Once the solution is obtained, the pH is reached quickly and remains stable over time (unlike natural seawater) which relieves stress for fish, crustaceans, shrimps, crabs, etc.<\/p>\n\n\n\n<ul style=\"list-style-type: circle;\">\n<li style=\"text-align: left;\"><span class=\"has-inline-color has-vivid-cyan-blue-color\"><strong>No algae<\/strong><\/span><\/li>\n<\/ul>\n\n\n\n<p class=\"has-small-font-size\">Our salts do not contain phosphates and nitrates which promote the development of algae.<\/p>\n\n\n\n<ul style=\"list-style-type: circle;\">\n<li style=\"text-align: left;\"><span class=\"has-inline-color has-vivid-cyan-blue-color\"><strong>Standards of use<\/strong><\/span><\/li>\n<\/ul>\n\n\n\n<p class=\"has-small-font-size\">The optimum amount of salt <em>Bio Ocean<\/em> is 33 to 35 grams per liter of fresh water (depending on the needs of the species). After complete dissolution, be sure to measure the density (salt concentration). The density varies according to the temperature of the water: if the temperature of the water is high, then the density drops. Conversely, if the water temperature is low then the density is higher.<\/p>\n\n\n\n<div class=\"wp-block-image\"><figure class=\"aligncenter size-large\"><img decoding=\"async\" width=\"124\" height=\"56\" src=\"http:\/\/alphaocean.eu\/wp-content\/uploads\/2020\/08\/Sel-4.png\" alt=\"\" class=\"wp-image-233 img-responsive\"\/><\/figure><\/div>\n<\/div>\n\n\n\n<div class=\"wp-block-column is-vertically-aligned-center is-layout-flow wp-block-column-is-layout-flow\" style=\"flex-basis:66.66%\">\n<div class=\"wp-block-columns is-layout-flex wp-container-core-columns-is-layout-9d6595d7 wp-block-columns-is-layout-flex\">\n<div class=\"wp-block-column is-layout-flow wp-block-column-is-layout-flow\">\n<figure class=\"wp-block-image size-large\"><img fetchpriority=\"high\" decoding=\"async\" width=\"1024\" height=\"768\" src=\"http:\/\/alphaocean.eu\/wp-content\/uploads\/2020\/08\/Seau-25Kg-AO-1024x768.jpg\" alt=\"\" class=\"wp-image-210 img-responsive\" srcset=\"https:\/\/alphaocean.eu\/wp-content\/uploads\/2020\/08\/Seau-25Kg-AO-1024x768.jpg 1024w, https:\/\/alphaocean.eu\/wp-content\/uploads\/2020\/08\/Seau-25Kg-AO-300x225.jpg 300w, https:\/\/alphaocean.eu\/wp-content\/uploads\/2020\/08\/Seau-25Kg-AO-768x576.jpg 768w, https:\/\/alphaocean.eu\/wp-content\/uploads\/2020\/08\/Seau-25Kg-AO-1536x1152.jpg 1536w, https:\/\/alphaocean.eu\/wp-content\/uploads\/2020\/08\/Seau-25Kg-AO-750x563.jpg 750w, https:\/\/alphaocean.eu\/wp-content\/uploads\/2020\/08\/Seau-25Kg-AO.jpg 1592w\" sizes=\"(max-width: 1024px) 100vw, 1024px\" \/><figcaption>10kg bucket of Alpha Ocean salt<\/figcaption><\/figure>\n\n\n\n<figure class=\"wp-block-image size-large\"><img decoding=\"async\" width=\"1024\" height=\"768\" src=\"http:\/\/alphaocean.eu\/wp-content\/uploads\/2020\/08\/Sac-25Kg-AO-1024x768.jpg\" alt=\"Sac 25kg\" class=\"wp-image-209 img-responsive\" srcset=\"https:\/\/alphaocean.eu\/wp-content\/uploads\/2020\/08\/Sac-25Kg-AO-1024x768.jpg 1024w, https:\/\/alphaocean.eu\/wp-content\/uploads\/2020\/08\/Sac-25Kg-AO-300x225.jpg 300w, https:\/\/alphaocean.eu\/wp-content\/uploads\/2020\/08\/Sac-25Kg-AO-768x576.jpg 768w, https:\/\/alphaocean.eu\/wp-content\/uploads\/2020\/08\/Sac-25Kg-AO-1536x1152.jpg 1536w, https:\/\/alphaocean.eu\/wp-content\/uploads\/2020\/08\/Sac-25Kg-AO-750x563.jpg 750w, https:\/\/alphaocean.eu\/wp-content\/uploads\/2020\/08\/Sac-25Kg-AO.jpg 1592w\" sizes=\"(max-width: 1024px) 100vw, 1024px\" \/><figcaption>25 kg bag of Alpha Ocean salt <\/figcaption><\/figure>\n\n\n\n<figure class=\"wp-block-image size-large\"><img loading=\"lazy\" decoding=\"async\" width=\"1024\" height=\"768\" src=\"http:\/\/alphaocean.eu\/wp-content\/uploads\/2020\/08\/Big-Bag-AO-1024x768.jpg\" alt=\"Bigbag sel aquaculture\" class=\"wp-image-207 img-responsive\" srcset=\"https:\/\/alphaocean.eu\/wp-content\/uploads\/2020\/08\/Big-Bag-AO-1024x768.jpg 1024w, https:\/\/alphaocean.eu\/wp-content\/uploads\/2020\/08\/Big-Bag-AO-300x225.jpg 300w, https:\/\/alphaocean.eu\/wp-content\/uploads\/2020\/08\/Big-Bag-AO-768x576.jpg 768w, https:\/\/alphaocean.eu\/wp-content\/uploads\/2020\/08\/Big-Bag-AO-1536x1152.jpg 1536w, https:\/\/alphaocean.eu\/wp-content\/uploads\/2020\/08\/Big-Bag-AO-750x563.jpg 750w, https:\/\/alphaocean.eu\/wp-content\/uploads\/2020\/08\/Big-Bag-AO.jpg 1592w\" sizes=\"(max-width: 1024px) 100vw, 1024px\" \/><figcaption>500kg of Alpha Ocean salt<\/figcaption><\/figure>\n<\/div>\n<\/div>\n\n\n\n<p><strong>The benefits of salt <em>Bio Ocean<\/em><\/strong><\/p>\n\n\n\n<ul class=\"wp-block-list\" id=\"block-ef9ac84f-ac18-4781-8934-fcf76d9e4db6\"><li><strong>Formule compl\u00e8te<\/strong><\/li><li><strong>Particles of uniform size<\/strong><\/li><li><strong>100% Natural<\/strong><\/li><li><strong>Single component<\/strong><\/li><li><strong>Made in France<\/strong><\/li><\/ul>\n<\/div>\n\n\n\n<div class=\"wp-block-column is-layout-flow wp-block-column-is-layout-flow\"><\/div>\n\n\n\n<div class=\"wp-block-column is-layout-flow wp-block-column-is-layout-flow\"><\/div>\n<\/div>\n\n\n\n<div class=\"wp-block-group\"><div class=\"wp-block-group__inner-container is-layout-flow wp-block-group-is-layout-flow\">\n<div class=\"wp-block-group\"><div class=\"wp-block-group__inner-container is-layout-flow wp-block-group-is-layout-flow\">\n<div class=\"wp-block-group\"><div class=\"wp-block-group__inner-container is-layout-flow wp-block-group-is-layout-flow\">\n<div class=\"wp-block-group\"><div class=\"wp-block-group__inner-container is-layout-flow wp-block-group-is-layout-flow\">\n<div class=\"wp-block-group\"><div class=\"wp-block-group__inner-container is-layout-flow wp-block-group-is-layout-flow\">\n<h2 class=\"wp-block-heading\">Fight against pathogens<\/h2>\n\n\n\n<p>In aquaculture, salt is one of the most commonly used drugs and is sometimes referred to as aquaculture's \"aspirin\". Bio Ocean salt can be used for many purposes in aquaculture such as:<\/p>\n\n\n\n<p>- Effective control of many external parasites, including Costia, Epistylis, Trichodina, Chilodonella and the worms Dactylogyrus and Gyrodactylus.<\/p>\n\n\n\n<p>- Protection against fungal spores in water (Saprolegnia) which do not like salt water.<\/p>\n\n\n\n<p>- Prevent methemoglobinemia (brown blood disease) caused by a build-up of nitrite in the water. As the concentration of chloride in the water increases, the ability of nitrites to enter the bloodstream decreases.<\/p>\n\n\n\n<p>- Control of protozoa on the gills and skin of fish and improvement of mucus production.<\/p>\n\n\n\n<p>- Minimize osmoregulatory stress during transport<\/p>\n\n\n\n<p>The method of application will depend on the organism causing the disease, weight, species and type of aquaculture unit. Treatment methods include short-term soaks, extended baths, and indefinite treatments. Dipping treatments involve exposing the fish to solutions at very high concentrations for short periods of time, typically 30 to 60 seconds. Extended baths are useful for heating fish in small tanks that can be rinsed out quickly. Strong salt solutions are added to the water.<\/p>\n\n\n\n<p>Open-ended treatments are used when transporting, handling fish or when treating large volumes of water, such as ponds.<\/p>\n\n\n\n<p><\/p>\n\n\n\n<p><img loading=\"lazy\" decoding=\"async\" src=\"http:\/\/alphaocean.eu\/wp-content\/uploads\/2020\/07\/iStock-477986289-1024x686.jpg\" sizes=\"(max-width: 980px) 100vw, 980px\" srcset=\"http:\/\/alphaocean.eu\/wp-content\/uploads\/2020\/07\/iStock-477986289-1024x686.jpg 1024w, http:\/\/alphaocean.eu\/wp-content\/uploads\/2020\/07\/iStock-477986289-300x201.jpg 300w, http:\/\/alphaocean.eu\/wp-content\/uploads\/2020\/07\/iStock-477986289-768x514.jpg 768w, http:\/\/alphaocean.eu\/wp-content\/uploads\/2020\/07\/iStock-477986289-1536x1028.jpg 1536w, http:\/\/alphaocean.eu\/wp-content\/uploads\/2020\/07\/iStock-477986289-2048x1371.jpg 2048w, http:\/\/alphaocean.eu\/wp-content\/uploads\/2020\/07\/iStock-477986289-750x502.jpg 750w\" alt=\"\" width=\"980\" height=\"657\" \/><\/p>\n<\/div><\/div>\n<\/div><\/div>\n<\/div><\/div>\n<\/div><\/div>\n<\/div><\/div>\n\n\n\n<div class=\"wp-block-group\"><div class=\"wp-block-group__inner-container is-layout-flow wp-block-group-is-layout-flow\">\n<div class=\"wp-block-group\"><div class=\"wp-block-group__inner-container is-layout-flow wp-block-group-is-layout-flow\">\n<div class=\"wp-block-group\"><div class=\"wp-block-group__inner-container is-layout-flow wp-block-group-is-layout-flow\">\n<div class=\"wp-block-group\"><div class=\"wp-block-group__inner-container is-layout-flow wp-block-group-is-layout-flow\">\n<p class=\"has-text-align-left\"><\/p>\n<\/div><\/div>\n<\/div><\/div>\n<\/div><\/div>\n<\/div><\/div>\n\n\n\n<div class=\"wp-block-group\"><div class=\"wp-block-group__inner-container is-layout-flow wp-block-group-is-layout-flow\">\n<div class=\"wp-block-group\"><div class=\"wp-block-group__inner-container is-layout-flow wp-block-group-is-layout-flow\">\n<div class=\"wp-block-group\"><div class=\"wp-block-group__inner-container is-layout-flow wp-block-group-is-layout-flow\">\n<div class=\"wp-block-group is-layout-flow wp-block-group-is-layout-flow\"><div class=\"wp-block-group__inner-container\"><\/div><\/div>\n\n\n\n<p><\/p>\n<\/div><\/div>\n<\/div><\/div>\n<\/div><\/div>\n\n\n\n<p><\/p>\n\n\n\n<p><\/p>","protected":false},"excerpt":{"rendered":"<p>Reconstituer l&rsquo;eau mer Lutter contre les pathog\u00e8nes En aquaculture, le sel est l&rsquo;un des m\u00e9dicaments les plus couramment utilis\u00e9s et est parfois appel\u00e9 \u00ab\u00a0aspirine\u00a0\u00bb de l&rsquo;aquaculture. Le sel Bio Ocean peut servir \u00e0 de nombreuses fins en aquaculture telles que : &#8211; Contr\u00f4le efficace de nombreux parasites externes, notamment Costia, Epistylis, Trichodina, Chilodonella et les &#8230; <a href=\"https:\/\/alphaocean.eu\/en\/caracteristiques\/\" class=\"more-link text-uppercase small\"><strong>Continue Reading<\/strong> <i class=\"fa fa-angle-double-right\" aria-hidden=\"true\"><\/i><\/a><\/p>","protected":false},"author":1,"featured_media":0,"parent":0,"menu_order":0,"comment_status":"closed","ping_status":"closed","template":"","meta":{"footnotes":""},"class_list":["post-95","page","type-page","status-publish","hentry"],"yoast_head":"<!-- This site is optimized with the Yoast SEO plugin v27.4 - https:\/\/yoast.com\/product\/yoast-seo-wordpress\/ -->\n<title>Sel Bio Ocean - Alpha Ocean<\/title>\n<meta name=\"robots\" content=\"index, follow, max-snippet:-1, max-image-preview:large, max-video-preview:-1\" \/>\n<link rel=\"canonical\" href=\"https:\/\/alphaocean.eu\/en\/caracteristiques\/\" \/>\n<meta property=\"og:locale\" content=\"en_GB\" \/>\n<meta property=\"og:type\" content=\"article\" \/>\n<meta property=\"og:title\" content=\"Sel Bio Ocean - Alpha Ocean\" \/>\n<meta property=\"og:description\" content=\"Reconstituer l&rsquo;eau mer Lutter contre les pathog\u00e8nes En aquaculture, le sel est l&rsquo;un des m\u00e9dicaments les plus couramment utilis\u00e9s et est parfois appel\u00e9 \u00ab\u00a0aspirine\u00a0\u00bb de l&rsquo;aquaculture. Le sel Bio Ocean peut servir \u00e0 de nombreuses fins en aquaculture telles que : &#8211; Contr\u00f4le efficace de nombreux parasites externes, notamment Costia, Epistylis, Trichodina, Chilodonella et les ... Continue Reading\" \/>\n<meta property=\"og:url\" content=\"https:\/\/alphaocean.eu\/en\/caracteristiques\/\" \/>\n<meta property=\"og:site_name\" content=\"Alpha Ocean\" \/>\n<meta property=\"article:modified_time\" content=\"2021-04-22T08:23:17+00:00\" \/>\n<meta property=\"og:image\" content=\"http:\/\/alphaocean.eu\/wp-content\/uploads\/2020\/07\/iStock-477986289-1024x686.jpg\" \/>\n<meta name=\"twitter:card\" content=\"summary_large_image\" \/>\n<meta name=\"twitter:label1\" content=\"Estimated reading time\" \/>\n\t<meta name=\"twitter:data1\" content=\"2 minutes\" \/>\n<script type=\"application\/ld+json\" class=\"yoast-schema-graph\">{\"@context\":\"https:\\\/\\\/schema.org\",\"@graph\":[{\"@type\":\"WebPage\",\"@id\":\"https:\\\/\\\/alphaocean.eu\\\/caracteristiques\\\/\",\"url\":\"https:\\\/\\\/alphaocean.eu\\\/caracteristiques\\\/\",\"name\":\"Sel Bio Ocean - Alpha Ocean\",\"isPartOf\":{\"@id\":\"https:\\\/\\\/alphaocean.eu\\\/#website\"},\"primaryImageOfPage\":{\"@id\":\"https:\\\/\\\/alphaocean.eu\\\/caracteristiques\\\/#primaryimage\"},\"image\":{\"@id\":\"https:\\\/\\\/alphaocean.eu\\\/caracteristiques\\\/#primaryimage\"},\"thumbnailUrl\":\"http:\\\/\\\/alphaocean.eu\\\/wp-content\\\/uploads\\\/2020\\\/07\\\/iStock-477986289-1024x686.jpg\",\"datePublished\":\"2020-05-29T08:14:42+00:00\",\"dateModified\":\"2021-04-22T08:23:17+00:00\",\"breadcrumb\":{\"@id\":\"https:\\\/\\\/alphaocean.eu\\\/caracteristiques\\\/#breadcrumb\"},\"inLanguage\":\"en-GB\",\"potentialAction\":[{\"@type\":\"ReadAction\",\"target\":[\"https:\\\/\\\/alphaocean.eu\\\/caracteristiques\\\/\"]}]},{\"@type\":\"ImageObject\",\"inLanguage\":\"en-GB\",\"@id\":\"https:\\\/\\\/alphaocean.eu\\\/caracteristiques\\\/#primaryimage\",\"url\":\"http:\\\/\\\/alphaocean.eu\\\/wp-content\\\/uploads\\\/2020\\\/07\\\/iStock-477986289-1024x686.jpg\",\"contentUrl\":\"http:\\\/\\\/alphaocean.eu\\\/wp-content\\\/uploads\\\/2020\\\/07\\\/iStock-477986289-1024x686.jpg\"},{\"@type\":\"BreadcrumbList\",\"@id\":\"https:\\\/\\\/alphaocean.eu\\\/caracteristiques\\\/#breadcrumb\",\"itemListElement\":[{\"@type\":\"ListItem\",\"position\":1,\"name\":\"Accueil\",\"item\":\"https:\\\/\\\/alphaocean.eu\\\/\"},{\"@type\":\"ListItem\",\"position\":2,\"name\":\"Sel Bio Ocean\"}]},{\"@type\":\"WebSite\",\"@id\":\"https:\\\/\\\/alphaocean.eu\\\/#website\",\"url\":\"https:\\\/\\\/alphaocean.eu\\\/\",\"name\":\"Alpha Ocean\",\"description\":\"Votre partenaire aquacole\",\"publisher\":{\"@id\":\"https:\\\/\\\/alphaocean.eu\\\/#organization\"},\"potentialAction\":[{\"@type\":\"SearchAction\",\"target\":{\"@type\":\"EntryPoint\",\"urlTemplate\":\"https:\\\/\\\/alphaocean.eu\\\/?s={search_term_string}\"},\"query-input\":{\"@type\":\"PropertyValueSpecification\",\"valueRequired\":true,\"valueName\":\"search_term_string\"}}],\"inLanguage\":\"en-GB\"},{\"@type\":\"Organization\",\"@id\":\"https:\\\/\\\/alphaocean.eu\\\/#organization\",\"name\":\"Alpha Ocean\",\"url\":\"https:\\\/\\\/alphaocean.eu\\\/\",\"logo\":{\"@type\":\"ImageObject\",\"inLanguage\":\"en-GB\",\"@id\":\"https:\\\/\\\/alphaocean.eu\\\/#\\\/schema\\\/logo\\\/image\\\/\",\"url\":\"https:\\\/\\\/alphaocean.eu\\\/wp-content\\\/uploads\\\/2020\\\/08\\\/Logo-Alpha-Ocean-01.png\",\"contentUrl\":\"https:\\\/\\\/alphaocean.eu\\\/wp-content\\\/uploads\\\/2020\\\/08\\\/Logo-Alpha-Ocean-01.png\",\"width\":1299,\"height\":886,\"caption\":\"Alpha Ocean\"},\"image\":{\"@id\":\"https:\\\/\\\/alphaocean.eu\\\/#\\\/schema\\\/logo\\\/image\\\/\"}}]}<\/script>\n<!-- \/ Yoast SEO plugin. -->","yoast_head_json":{"title":"Sel Bio Ocean - Alpha Ocean","robots":{"index":"index","follow":"follow","max-snippet":"max-snippet:-1","max-image-preview":"max-image-preview:large","max-video-preview":"max-video-preview:-1"},"canonical":"https:\/\/alphaocean.eu\/en\/caracteristiques\/","og_locale":"en_GB","og_type":"article","og_title":"Sel Bio Ocean - Alpha Ocean","og_description":"Reconstituer l&rsquo;eau mer Lutter contre les pathog\u00e8nes En aquaculture, le sel est l&rsquo;un des m\u00e9dicaments les plus couramment utilis\u00e9s et est parfois appel\u00e9 \u00ab\u00a0aspirine\u00a0\u00bb de l&rsquo;aquaculture. Le sel Bio Ocean peut servir \u00e0 de nombreuses fins en aquaculture telles que : &#8211; Contr\u00f4le efficace de nombreux parasites externes, notamment Costia, Epistylis, Trichodina, Chilodonella et les ... Continue Reading","og_url":"https:\/\/alphaocean.eu\/en\/caracteristiques\/","og_site_name":"Alpha Ocean","article_modified_time":"2021-04-22T08:23:17+00:00","og_image":[{"url":"http:\/\/alphaocean.eu\/wp-content\/uploads\/2020\/07\/iStock-477986289-1024x686.jpg","type":"","width":"","height":""}],"twitter_card":"summary_large_image","twitter_misc":{"Estimated reading time":"2 minutes"},"schema":{"@context":"https:\/\/schema.org","@graph":[{"@type":"WebPage","@id":"https:\/\/alphaocean.eu\/caracteristiques\/","url":"https:\/\/alphaocean.eu\/caracteristiques\/","name":"Sel Bio Ocean - Alpha Ocean","isPartOf":{"@id":"https:\/\/alphaocean.eu\/#website"},"primaryImageOfPage":{"@id":"https:\/\/alphaocean.eu\/caracteristiques\/#primaryimage"},"image":{"@id":"https:\/\/alphaocean.eu\/caracteristiques\/#primaryimage"},"thumbnailUrl":"http:\/\/alphaocean.eu\/wp-content\/uploads\/2020\/07\/iStock-477986289-1024x686.jpg","datePublished":"2020-05-29T08:14:42+00:00","dateModified":"2021-04-22T08:23:17+00:00","breadcrumb":{"@id":"https:\/\/alphaocean.eu\/caracteristiques\/#breadcrumb"},"inLanguage":"en-GB","potentialAction":[{"@type":"ReadAction","target":["https:\/\/alphaocean.eu\/caracteristiques\/"]}]},{"@type":"ImageObject","inLanguage":"en-GB","@id":"https:\/\/alphaocean.eu\/caracteristiques\/#primaryimage","url":"http:\/\/alphaocean.eu\/wp-content\/uploads\/2020\/07\/iStock-477986289-1024x686.jpg","contentUrl":"http:\/\/alphaocean.eu\/wp-content\/uploads\/2020\/07\/iStock-477986289-1024x686.jpg"},{"@type":"BreadcrumbList","@id":"https:\/\/alphaocean.eu\/caracteristiques\/#breadcrumb","itemListElement":[{"@type":"ListItem","position":1,"name":"Accueil","item":"https:\/\/alphaocean.eu\/"},{"@type":"ListItem","position":2,"name":"Sel Bio Ocean"}]},{"@type":"WebSite","@id":"https:\/\/alphaocean.eu\/#website","url":"https:\/\/alphaocean.eu\/","name":"Alpha Ocean","description":"Your aquaculture partner","publisher":{"@id":"https:\/\/alphaocean.eu\/#organization"},"potentialAction":[{"@type":"SearchAction","target":{"@type":"EntryPoint","urlTemplate":"https:\/\/alphaocean.eu\/?s={search_term_string}"},"query-input":{"@type":"PropertyValueSpecification","valueRequired":true,"valueName":"search_term_string"}}],"inLanguage":"en-GB"},{"@type":"Organization","@id":"https:\/\/alphaocean.eu\/#organization","name":"Alpha Ocean","url":"https:\/\/alphaocean.eu\/","logo":{"@type":"ImageObject","inLanguage":"en-GB","@id":"https:\/\/alphaocean.eu\/#\/schema\/logo\/image\/","url":"https:\/\/alphaocean.eu\/wp-content\/uploads\/2020\/08\/Logo-Alpha-Ocean-01.png","contentUrl":"https:\/\/alphaocean.eu\/wp-content\/uploads\/2020\/08\/Logo-Alpha-Ocean-01.png","width":1299,"height":886,"caption":"Alpha Ocean"},"image":{"@id":"https:\/\/alphaocean.eu\/#\/schema\/logo\/image\/"}}]}},"_links":{"self":[{"href":"https:\/\/alphaocean.eu\/en\/wp-json\/wp\/v2\/pages\/95","targetHints":{"allow":["GET"]}}],"collection":[{"href":"https:\/\/alphaocean.eu\/en\/wp-json\/wp\/v2\/pages"}],"about":[{"href":"https:\/\/alphaocean.eu\/en\/wp-json\/wp\/v2\/types\/page"}],"author":[{"embeddable":true,"href":"https:\/\/alphaocean.eu\/en\/wp-json\/wp\/v2\/users\/1"}],"replies":[{"embeddable":true,"href":"https:\/\/alphaocean.eu\/en\/wp-json\/wp\/v2\/comments?post=95"}],"version-history":[{"count":35,"href":"https:\/\/alphaocean.eu\/en\/wp-json\/wp\/v2\/pages\/95\/revisions"}],"predecessor-version":[{"id":497,"href":"https:\/\/alphaocean.eu\/en\/wp-json\/wp\/v2\/pages\/95\/revisions\/497"}],"wp:attachment":[{"href":"https:\/\/alphaocean.eu\/en\/wp-json\/wp\/v2\/media?parent=95"}],"curies":[{"name":"wp","href":"https:\/\/api.w.org\/{rel}","templated":true}]}}